{"id":44,"date":"2026-04-20T13:27:56","date_gmt":"2026-04-20T13:27:56","guid":{"rendered":"http:\/\/palaciosparralabogados.com\/?page_id=44"},"modified":"2026-04-20T18:57:50","modified_gmt":"2026-04-20T18:57:50","slug":"equipo","status":"publish","type":"page","link":"https:\/\/palaciosparralabogados.com\/index.php\/equipo\/","title":{"rendered":"Equipo"},"content":{"rendered":"<p>[et_pb_section fb_built=\u00bb1&#8243; fullwidth=\u00bbon\u00bb _builder_version=\u00bb4.27.6&#8243; _module_preset=\u00bbdefault\u00bb background_color=\u00bb#870d00&#8243; min_height=\u00bb25px\u00bb height=\u00bb25px\u00bb max_height=\u00bb25px\u00bb global_colors_info=\u00bb{}\u00bb][\/et_pb_section][et_pb_section fb_built=\u00bb1&#8243; admin_label=\u00bbHero Section\u00bb _builder_version=\u00bb4.16&#8243; custom_padding=\u00bb0|0px|0px|0px\u00bb global_colors_info=\u00bb{}\u00bb][et_pb_row column_structure=\u00bb1_2,1_2&#8243; use_custom_gutter=\u00bbon\u00bb make_equal=\u00bbon\u00bb _builder_version=\u00bb4.27.6&#8243; width=\u00bb100%\u00bb max_width=\u00bb100%\u00bb custom_padding=\u00bb0px|0|0px|\u00bb use_custom_width=\u00bbon\u00bb width_unit=\u00bboff\u00bb custom_width_percent=\u00bb100%\u00bb global_colors_info=\u00bb{}\u00bb][et_pb_column type=\u00bb1_2&#8243; _builder_version=\u00bb4.27.6&#8243; custom_padding=\u00bb100px|4%|40px|8%|false|false\u00bb custom_padding_tablet=\u00bb60px|10%|60px|10%\u00bb custom_padding_phone=\u00bb60px|10%|60px|10%\u00bb custom_padding_last_edited=\u00bbon|tablet\u00bb global_colors_info=\u00bb{}\u00bb padding_tablet=\u00bb60px|10%|60px|10%\u00bb padding_last_edited=\u00bbon|tablet\u00bb custom_padding__hover=\u00bb|||\u00bb padding_phone=\u00bb60px|10%|60px|10%\u00bb][et_pb_text _builder_version=\u00bb4.27.6&#8243; text_font=\u00bb||||||||\u00bb header_font=\u00bb||||||||\u00bb header_3_font=\u00bbKarla|700||on|||||\u00bb header_3_text_color=\u00bb#c2ab92&#8243; header_3_font_size=\u00bb16px\u00bb header_3_letter_spacing=\u00bb1px\u00bb background_layout=\u00bbdark\u00bb max_width=\u00bb600px\u00bb module_alignment=\u00bbleft\u00bb custom_margin=\u00bb||20px|\u00bb locked=\u00bboff\u00bb global_colors_info=\u00bb{}\u00bb]<\/p>\n<h3><span style=\"color: #720136;\">Nuestro equipo<\/span><\/h3>\n<p>[\/et_pb_text][et_pb_text _builder_version=\u00bb4.27.6&#8243; text_font=\u00bbKarla||||||||\u00bb text_font_size=\u00bb18px\u00bb text_line_height=\u00bb1.8em\u00bb header_font=\u00bbCormorant Garamond||||||||\u00bb header_font_size=\u00bb56px\u00bb header_line_height=\u00bb1.4em\u00bb header_2_font=\u00bb||||||||\u00bb header_3_font=\u00bb||||||||\u00bb max_width=\u00bb600px\u00bb header_font_size_tablet=\u00bb40px\u00bb header_font_size_phone=\u00bb\u00bb header_font_size_last_edited=\u00bbon|tablet\u00bb locked=\u00bboff\u00bb global_colors_info=\u00bb{}\u00bb]<\/p>\n<h1>Valor A\u00f1adido<\/h1>\n<p data-start=\"0\" data-end=\"320\">El verdadero valor a\u00f1adido de profesionales como <span class=\"hover:entity-accent entity-underline inline cursor-pointer align-baseline\"><span class=\"whitespace-normal\">Alberto Fern\u00e1ndez Palacios\u00a0<\/span><\/span> y <span class=\"hover:entity-accent entity-underline inline cursor-pointer align-baseline\"><span class=\"whitespace-normal\">Silvia Parral<\/span><\/span> no se limita \u00fanicamente a su trayectoria individual, sino a la combinaci\u00f3n de experiencia, criterio estrat\u00e9gico y capacidad de liderazgo que aportan al conjunto del equipo jur\u00eddico que dirigen.<\/p>\n<p data-start=\"322\" data-end=\"711\">Por un lado, la experiencia acumulada a lo largo de los a\u00f1os les permite anticipar escenarios, identificar riesgos antes de que se materialicen y dise\u00f1ar soluciones s\u00f3lidas y eficaces.\u00a0<\/p>\n<p data-start=\"713\" data-end=\"1059\">A esto se suma la profesionalidad, entendida no solo como rigor t\u00e9cnico, sino tambi\u00e9n como compromiso con el cliente, \u00e9tica en la actuaci\u00f3n y excelencia en la ejecuci\u00f3n. Este enfoque genera confianza, un elemento esencial en el \u00e1mbito legal, donde los clientes buscan no solo resultados, sino tambi\u00e9n seguridad y claridad durante todo el proceso.<\/p>\n<p data-start=\"1431\" data-end=\"1672\" data-is-last-node=\"\" data-is-only-node=\"\">\n<p>[\/et_pb_text][et_pb_button button_text=\u00bbWe&#8217;re Hiring!\u00bb _builder_version=\u00bb4.16&#8243; custom_button=\u00bbon\u00bb button_text_size=\u00bb13px\u00bb button_text_color=\u00bb#ffffff\u00bb button_bg_color=\u00bb#c2ab92&#8243; button_border_width=\u00bb2px\u00bb button_border_color=\u00bb#c2ab92&#8243; button_border_radius=\u00bb0px\u00bb button_letter_spacing=\u00bb2px\u00bb button_font=\u00bbKarla|700||on|||||\u00bb background_layout=\u00bbdark\u00bb custom_padding=\u00bb10px||10px|\u00bb button_letter_spacing_hover=\u00bb2px\u00bb locked=\u00bboff\u00bb global_colors_info=\u00bb{}\u00bb button_text_size__hover_enabled=\u00bboff\u00bb button_one_text_size__hover_enabled=\u00bboff\u00bb button_two_text_size__hover_enabled=\u00bboff\u00bb button_text_color__hover_enabled=\u00bboff\u00bb button_one_text_color__hover_enabled=\u00bboff\u00bb button_two_text_color__hover_enabled=\u00bboff\u00bb button_border_width__hover_enabled=\u00bboff\u00bb button_one_border_width__hover_enabled=\u00bboff\u00bb button_two_border_width__hover_enabled=\u00bboff\u00bb button_border_color__hover_enabled=\u00bboff\u00bb button_one_border_color__hover_enabled=\u00bboff\u00bb button_two_border_color__hover_enabled=\u00bboff\u00bb button_border_radius__hover_enabled=\u00bboff\u00bb button_one_border_radius__hover_enabled=\u00bboff\u00bb button_two_border_radius__hover_enabled=\u00bboff\u00bb button_letter_spacing__hover_enabled=\u00bbon\u00bb button_letter_spacing__hover=\u00bb2px\u00bb button_one_letter_spacing__hover_enabled=\u00bboff\u00bb button_two_letter_spacing__hover_enabled=\u00bboff\u00bb button_bg_color__hover_enabled=\u00bboff\u00bb button_one_bg_color__hover_enabled=\u00bboff\u00bb button_two_bg_color__hover_enabled=\u00bboff\u00bb][\/et_pb_button][\/et_pb_column][et_pb_column type=\u00bb1_2&#8243; _builder_version=\u00bb4.27.6&#8243; background_color=\u00bbRGBA(255,255,255,0)\u00bb background_image=\u00bbhttp:\/\/palaciosparralabogados.com\/wp-content\/uploads\/2026\/04\/equipo-de-abogados-baj.jpg\u00bb background_size=\u00bbcontain\u00bb background_position=\u00bbtop_right\u00bb background_horizontal_offset=\u00bb0%\u00bb custom_padding=\u00bb100px||100px|\u00bb custom_padding_tablet=\u00bb60px||60px|\u00bb custom_padding_phone=\u00bb60px||60px|\u00bb custom_padding_last_edited=\u00bbon|desktop\u00bb global_colors_info=\u00bb{}\u00bb padding_tablet=\u00bb60px||60px|\u00bb padding_last_edited=\u00bbon|desktop\u00bb custom_padding__hover=\u00bb|||\u00bb padding_phone=\u00bb60px||60px|\u00bb][\/et_pb_column][\/et_pb_row][\/et_pb_section][et_pb_section fb_built=\u00bb1&#8243; admin_label=\u00bbAbout\u00bb _builder_version=\u00bb4.27.6&#8243; background_color=\u00bb#870d00&#8243; custom_padding=\u00bb100px|0px|100px|0px\u00bb global_colors_info=\u00bb{}\u00bb][et_pb_row column_structure=\u00bb1_3,2_3&#8243; make_equal=\u00bbon\u00bb _builder_version=\u00bb4.16&#8243; custom_margin=\u00bb|||\u00bb custom_padding=\u00bb50px|0px|50px|0px\u00bb global_colors_info=\u00bb{}\u00bb][et_pb_column type=\u00bb1_3&#8243; _builder_version=\u00bb4.16&#8243; custom_padding=\u00bb|||\u00bb global_colors_info=\u00bb{}\u00bb custom_padding__hover=\u00bb|||\u00bb][et_pb_image src=\u00bbhttp:\/\/palaciosparralabogados.com\/wp-content\/uploads\/2026\/04\/portrait-03.jpg\u00bb align_tablet=\u00bbcenter\u00bb align_phone=\u00bbcenter\u00bb align_last_edited=\u00bbon|desktop\u00bb _builder_version=\u00bb4.16&#8243; global_colors_info=\u00bb{}\u00bb][\/et_pb_image][\/et_pb_column][et_pb_column type=\u00bb2_3&#8243; _builder_version=\u00bb4.16&#8243; background_color=\u00bb#1b1b1b\u00bb custom_padding=\u00bb50px|40px|50px|40px\u00bb global_colors_info=\u00bb{}\u00bb custom_padding__hover=\u00bb|||\u00bb][et_pb_text _builder_version=\u00bb4.16&#8243; text_font=\u00bbKarla||||||||\u00bb text_text_color=\u00bbrgba(255,255,255,0.7)\u00bb text_font_size=\u00bb18px\u00bb text_line_height=\u00bb1.8em\u00bb header_font=\u00bb||||||||\u00bb header_2_font=\u00bb||||||||\u00bb header_3_font=\u00bbCormorant Garamond||||||||\u00bb header_3_font_size=\u00bb24px\u00bb header_3_line_height=\u00bb1.4em\u00bb background_layout=\u00bbdark\u00bb max_width=\u00bb600px\u00bb locked=\u00bboff\u00bb global_colors_info=\u00bb{}\u00bb]<\/p>\n<h3>Brad Thompson<\/h3>\n<p>Cu omnium propriae mel. Eum detracto suscipit ut, et vix splendide scriptorem. His exerci integre moderatius\u00a0Cu omnium propriae mel.<\/p>\n<p>[\/et_pb_text][et_pb_divider color=\u00bb#c2ab92&#8243; divider_weight=\u00bb2px\u00bb _builder_version=\u00bb4.16&#8243; max_width=\u00bb50px\u00bb locked=\u00bboff\u00bb global_colors_info=\u00bb{}\u00bb][\/et_pb_divider][et_pb_counters bar_bg_color=\u00bb#c2ab92&#8243; use_percentages=\u00bboff\u00bb _builder_version=\u00bb4.16&#8243; title_font=\u00bbKarla||||||||\u00bb title_text_color=\u00bb#c2ab92&#8243; title_letter_spacing=\u00bb2px\u00bb title_line_height=\u00bb1.8em\u00bb percent_font=\u00bbKarla|700|||||||\u00bb max_width=\u00bb600px\u00bb max_width_tablet=\u00bb\u00bb max_width_phone=\u00bb300px\u00bb max_width_last_edited=\u00bbon|desktop\u00bb custom_margin=\u00bb|||\u00bb custom_padding=\u00bb|||\u00bb locked=\u00bboff\u00bb global_colors_info=\u00bb{}\u00bb][et_pb_counter percent=\u00bb90&#8243; _builder_version=\u00bb4.16&#8243; title_font=\u00bbKarla|700||on|||||\u00bb title_line_height=\u00bb1.8em\u00bb percent_font=\u00bb||||||||\u00bb percent_line_height=\u00bb4px\u00bb background_color=\u00bb#1a1a1a\u00bb custom_margin=\u00bb||20px|\u00bb global_colors_info=\u00bb{}\u00bb bar_background_color_default=\u00bb#c2ab92&#8243; use_percentages=\u00bboff\u00bb]REsidential Design[\/et_pb_counter][et_pb_counter percent=\u00bb60&#8243; _builder_version=\u00bb4.16&#8243; title_font=\u00bbKarla|700||on|||||\u00bb title_line_height=\u00bb1.8em\u00bb percent_font=\u00bb||||||||\u00bb percent_line_height=\u00bb4px\u00bb background_color=\u00bb#1a1a1a\u00bb custom_margin=\u00bb||20px|\u00bb global_colors_info=\u00bb{}\u00bb bar_background_color_default=\u00bb#c2ab92&#8243; use_percentages=\u00bboff\u00bb]Commercial Design[\/et_pb_counter][et_pb_counter percent=\u00bb20&#8243; _builder_version=\u00bb4.16&#8243; title_font=\u00bbKarla|700||on|||||\u00bb title_line_height=\u00bb1.8em\u00bb percent_font=\u00bb||||||||\u00bb percent_line_height=\u00bb4px\u00bb background_color=\u00bb#1a1a1a\u00bb custom_margin=\u00bb||20px|\u00bb global_colors_info=\u00bb{}\u00bb bar_background_color_default=\u00bb#c2ab92&#8243; use_percentages=\u00bboff\u00bb]Construction Management[\/et_pb_counter][\/et_pb_counters][\/et_pb_column][\/et_pb_row][et_pb_row column_structure=\u00bb1_3,2_3&#8243; make_equal=\u00bbon\u00bb _builder_version=\u00bb4.16&#8243; custom_margin=\u00bb|||\u00bb custom_padding=\u00bb50px|0px|50px|0px\u00bb global_colors_info=\u00bb{}\u00bb][et_pb_column type=\u00bb1_3&#8243; _builder_version=\u00bb4.16&#8243; custom_padding=\u00bb|||\u00bb global_colors_info=\u00bb{}\u00bb custom_padding__hover=\u00bb|||\u00bb][et_pb_image src=\u00bbhttp:\/\/palaciosparralabogados.com\/wp-content\/uploads\/2026\/04\/portrait-12.jpg\u00bb align_tablet=\u00bbcenter\u00bb align_phone=\u00bbcenter\u00bb align_last_edited=\u00bbon|desktop\u00bb _builder_version=\u00bb4.16&#8243; global_colors_info=\u00bb{}\u00bb][\/et_pb_image][\/et_pb_column][et_pb_column type=\u00bb2_3&#8243; _builder_version=\u00bb4.16&#8243; background_color=\u00bb#1b1b1b\u00bb custom_padding=\u00bb50px|40px|50px|40px\u00bb global_colors_info=\u00bb{}\u00bb custom_padding__hover=\u00bb|||\u00bb][et_pb_text _builder_version=\u00bb4.16&#8243; text_font=\u00bbKarla||||||||\u00bb text_text_color=\u00bbrgba(255,255,255,0.7)\u00bb text_font_size=\u00bb18px\u00bb text_line_height=\u00bb1.8em\u00bb header_font=\u00bb||||||||\u00bb header_2_font=\u00bb||||||||\u00bb header_3_font=\u00bbCormorant Garamond||||||||\u00bb header_3_font_size=\u00bb24px\u00bb header_3_line_height=\u00bb1.4em\u00bb background_layout=\u00bbdark\u00bb max_width=\u00bb600px\u00bb locked=\u00bboff\u00bb global_colors_info=\u00bb{}\u00bb]<\/p>\n<h3>Jessica Bailey<\/h3>\n<p>Cu omnium propriae mel. Eum detracto suscipit ut, et vix splendide scriptorem. His exerci integre moderatius\u00a0Cu omnium propriae mel.<\/p>\n<p>[\/et_pb_text][et_pb_divider color=\u00bb#c2ab92&#8243; divider_weight=\u00bb2px\u00bb _builder_version=\u00bb4.16&#8243; max_width=\u00bb50px\u00bb locked=\u00bboff\u00bb global_colors_info=\u00bb{}\u00bb][\/et_pb_divider][et_pb_counters bar_bg_color=\u00bb#c2ab92&#8243; use_percentages=\u00bboff\u00bb _builder_version=\u00bb4.16&#8243; title_font=\u00bbKarla||||||||\u00bb title_text_color=\u00bb#c2ab92&#8243; title_letter_spacing=\u00bb2px\u00bb title_line_height=\u00bb1.8em\u00bb percent_font=\u00bbKarla|700|||||||\u00bb max_width=\u00bb600px\u00bb max_width_tablet=\u00bb\u00bb max_width_phone=\u00bb300px\u00bb max_width_last_edited=\u00bbon|desktop\u00bb custom_margin=\u00bb|||\u00bb custom_padding=\u00bb|||\u00bb locked=\u00bboff\u00bb global_colors_info=\u00bb{}\u00bb][et_pb_counter percent=\u00bb90&#8243; _builder_version=\u00bb4.16&#8243; title_font=\u00bbKarla|700||on|||||\u00bb title_line_height=\u00bb1.8em\u00bb percent_font=\u00bb||||||||\u00bb percent_line_height=\u00bb4px\u00bb background_color=\u00bb#1a1a1a\u00bb custom_margin=\u00bb||20px|\u00bb global_colors_info=\u00bb{}\u00bb bar_background_color_default=\u00bb#c2ab92&#8243; use_percentages=\u00bboff\u00bb]Interior Design[\/et_pb_counter][et_pb_counter percent=\u00bb60&#8243; _builder_version=\u00bb4.16&#8243; title_font=\u00bbKarla|700||on|||||\u00bb title_line_height=\u00bb1.8em\u00bb percent_font=\u00bb||||||||\u00bb percent_line_height=\u00bb4px\u00bb background_color=\u00bb#1a1a1a\u00bb custom_margin=\u00bb||20px|\u00bb global_colors_info=\u00bb{}\u00bb bar_background_color_default=\u00bb#c2ab92&#8243; use_percentages=\u00bboff\u00bb]Public Spaces[\/et_pb_counter][et_pb_counter percent=\u00bb40&#8243; _builder_version=\u00bb4.16&#8243; title_font=\u00bbKarla|700||on|||||\u00bb title_line_height=\u00bb1.8em\u00bb percent_font=\u00bb||||||||\u00bb percent_line_height=\u00bb4px\u00bb background_color=\u00bb#1a1a1a\u00bb custom_margin=\u00bb||20px|\u00bb global_colors_info=\u00bb{}\u00bb bar_background_color_default=\u00bb#c2ab92&#8243; use_percentages=\u00bboff\u00bb]Urban Designer<br \/>\n[\/et_pb_counter][\/et_pb_counters][\/et_pb_column][\/et_pb_row][\/et_pb_section][et_pb_section fb_built=\u00bb1&#8243; admin_label=\u00bbContact\u00bb _builder_version=\u00bb4.16&#8243; background_color=\u00bb#1b1b1b\u00bb use_background_color_gradient=\u00bbon\u00bb background_color_gradient_stops=\u00bb#121212 0%|rgba(18,18,18,0.8) 100%\u00bb background_color_gradient_overlays_image=\u00bbon\u00bb background_color_gradient_start=\u00bb#121212&#8243; background_color_gradient_end=\u00bbrgba(18,18,18,0.8)\u00bb background_image=\u00bbhttp:\/\/palaciosparralabogados.com\/wp-content\/uploads\/2026\/04\/architect-firm-03.jpg\u00bb custom_padding=\u00bb100px|0px|240px|0px\u00bb global_colors_info=\u00bb{}\u00bb][et_pb_row column_structure=\u00bb1_2,1_2&#8243; _builder_version=\u00bb4.16&#8243; custom_padding=\u00bb27px|0px|0|0px\u00bb global_colors_info=\u00bb{}\u00bb][et_pb_column type=\u00bb1_2&#8243; _builder_version=\u00bb4.16&#8243; custom_padding=\u00bb|||\u00bb global_colors_info=\u00bb{}\u00bb custom_padding__hover=\u00bb|||\u00bb][et_pb_text _builder_version=\u00bb4.16&#8243; text_font=\u00bbKarla||||||||\u00bb text_text_color=\u00bbrgba(255,255,255,0.7)\u00bb text_font_size=\u00bb18px\u00bb text_line_height=\u00bb1.8em\u00bb header_font=\u00bb||||||||\u00bb header_2_font=\u00bbCormorant Garamond||||||||\u00bb header_2_font_size=\u00bb40px\u00bb header_2_line_height=\u00bb1.4em\u00bb header_3_font=\u00bb||||||||\u00bb background_layout=\u00bbdark\u00bb max_width=\u00bb600px\u00bb locked=\u00bboff\u00bb global_colors_info=\u00bb{}\u00bb]<\/p>\n<h2>Let&#8217;s Build Something<\/h2>\n<p>[\/et_pb_text][\/et_pb_column][et_pb_column type=\u00bb1_2&#8243; _builder_version=\u00bb4.16&#8243; custom_padding=\u00bb|||\u00bb global_colors_info=\u00bb{}\u00bb custom_padding__hover=\u00bb|||\u00bb][\/et_pb_column][\/et_pb_row][et_pb_row column_structure=\u00bb1_2,1_2&#8243; _builder_version=\u00bb4.16&#8243; custom_padding=\u00bb0|0px|27px|0px\u00bb global_colors_info=\u00bb{}\u00bb][et_pb_column type=\u00bb1_2&#8243; _builder_version=\u00bb4.16&#8243; custom_padding=\u00bb|||\u00bb global_colors_info=\u00bb{}\u00bb custom_padding__hover=\u00bb|||\u00bb][et_pb_text _builder_version=\u00bb4.16&#8243; text_font=\u00bbKarla||||||||\u00bb text_text_color=\u00bbrgba(255,255,255,0.7)\u00bb text_font_size=\u00bb18px\u00bb text_line_height=\u00bb1.8em\u00bb header_font=\u00bb||||||||\u00bb header_2_font=\u00bbCormorant Garamond||||||||\u00bb header_2_font_size=\u00bb40px\u00bb header_2_line_height=\u00bb1.4em\u00bb header_3_font=\u00bb||||||||\u00bb background_layout=\u00bbdark\u00bb max_width=\u00bb600px\u00bb locked=\u00bboff\u00bb global_colors_info=\u00bb{}\u00bb]<\/p>\n<p>Cu omnium propriae mel. Eum detracto suscipit ut, et vix splendide scriptorem. His exerci integre moderatius<\/p>\n<p>[\/et_pb_text][\/et_pb_column][et_pb_column type=\u00bb1_2&#8243; _builder_version=\u00bb4.16&#8243; custom_padding=\u00bb|||\u00bb global_colors_info=\u00bb{}\u00bb custom_padding__hover=\u00bb|||\u00bb][et_pb_button button_text=\u00bbContact Us\u00bb button_alignment=\u00bbcenter\u00bb _builder_version=\u00bb4.16&#8243; custom_button=\u00bbon\u00bb button_text_size=\u00bb13px\u00bb button_text_color=\u00bb#c2ab92&#8243; button_border_color=\u00bb#c2ab92&#8243; button_border_radius=\u00bb0px\u00bb button_letter_spacing=\u00bb2px\u00bb button_font=\u00bbKarla|700||on|||||\u00bb custom_padding=\u00bb10px||10px|\u00bb button_letter_spacing_hover=\u00bb2px\u00bb button_bg_color_hover=\u00bbrgba(0,0,0,0)\u00bb locked=\u00bboff\u00bb global_colors_info=\u00bb{}\u00bb button_text_size__hover_enabled=\u00bboff\u00bb button_one_text_size__hover_enabled=\u00bboff\u00bb button_two_text_size__hover_enabled=\u00bboff\u00bb button_text_color__hover_enabled=\u00bboff\u00bb button_one_text_color__hover_enabled=\u00bboff\u00bb button_two_text_color__hover_enabled=\u00bboff\u00bb button_border_width__hover_enabled=\u00bboff\u00bb button_one_border_width__hover_enabled=\u00bboff\u00bb button_two_border_width__hover_enabled=\u00bboff\u00bb button_border_color__hover_enabled=\u00bboff\u00bb button_one_border_color__hover_enabled=\u00bboff\u00bb button_two_border_color__hover_enabled=\u00bboff\u00bb button_border_radius__hover_enabled=\u00bboff\u00bb button_one_border_radius__hover_enabled=\u00bboff\u00bb button_two_border_radius__hover_enabled=\u00bboff\u00bb button_letter_spacing__hover_enabled=\u00bbon\u00bb button_letter_spacing__hover=\u00bb2px\u00bb button_one_letter_spacing__hover_enabled=\u00bboff\u00bb button_two_letter_spacing__hover_enabled=\u00bboff\u00bb button_bg_color__hover_enabled=\u00bbon\u00bb button_bg_color__hover=\u00bbrgba(0,0,0,0)\u00bb button_one_bg_color__hover_enabled=\u00bboff\u00bb button_two_bg_color__hover_enabled=\u00bboff\u00bb][\/et_pb_button][\/et_pb_column][\/et_pb_row][\/et_pb_section]<\/p>\n","protected":false},"excerpt":{"rendered":"<p>Nuestro equipoValor A\u00f1adido El verdadero valor a\u00f1adido de profesionales como Alberto Fern\u00e1ndez Palacios\u00a0 y Silvia Parral no se limita \u00fanicamente a su trayectoria individual, sino a la combinaci\u00f3n de experiencia, criterio estrat\u00e9gico y capacidad de liderazgo que aportan al conjunto del equipo jur\u00eddico que dirigen. Por un lado, la experiencia acumulada a lo largo de [&hellip;]<\/p>\n","protected":false},"author":1,"featured_media":0,"parent":0,"menu_order":0,"comment_status":"closed","ping_status":"closed","template":"","meta":{"_et_pb_use_builder":"on","_et_pb_old_content":"","_et_gb_content_width":"","footnotes":""},"class_list":["post-44","page","type-page","status-publish","hentry"],"_links":{"self":[{"href":"https:\/\/palaciosparralabogados.com\/index.php\/wp-json\/wp\/v2\/pages\/44","targetHints":{"allow":["GET"]}}],"collection":[{"href":"https:\/\/palaciosparralabogados.com\/index.php\/wp-json\/wp\/v2\/pages"}],"about":[{"href":"https:\/\/palaciosparralabogados.com\/index.php\/wp-json\/wp\/v2\/types\/page"}],"author":[{"embeddable":true,"href":"https:\/\/palaciosparralabogados.com\/index.php\/wp-json\/wp\/v2\/users\/1"}],"replies":[{"embeddable":true,"href":"https:\/\/palaciosparralabogados.com\/index.php\/wp-json\/wp\/v2\/comments?post=44"}],"version-history":[{"count":12,"href":"https:\/\/palaciosparralabogados.com\/index.php\/wp-json\/wp\/v2\/pages\/44\/revisions"}],"predecessor-version":[{"id":103,"href":"https:\/\/palaciosparralabogados.com\/index.php\/wp-json\/wp\/v2\/pages\/44\/revisions\/103"}],"wp:attachment":[{"href":"https:\/\/palaciosparralabogados.com\/index.php\/wp-json\/wp\/v2\/media?parent=44"}],"curies":[{"name":"wp","href":"https:\/\/api.w.org\/{rel}","templated":true}]}}